{"id":44,"date":"2014-02-17T14:19:04","date_gmt":"2014-02-17T14:19:04","guid":{"rendered":"http:\/\/demo.themegrill.com\/radiate\/?page_id=44"},"modified":"2023-10-10T16:42:38","modified_gmt":"2023-10-10T16:42:38","slug":"simple-clean-design","status":"publish","type":"page","link":"https:\/\/evagessner.de\/home\/simple-clean-design\/","title":{"rendered":"H\u00f6rb\u00fccher"},"content":{"rendered":"\n<div class=\"wp-block-group is-nowrap is-layout-flex wp-container-core-group-is-layout-ad2f72ca wp-block-group-is-layout-flex\">\n<div class=\"wp-block-media-text alignwide is-stacked-on-mobile\" style=\"grid-template-columns:20% auto\"><figure class=\"wp-block-media-text__media\"><img loading=\"lazy\" decoding=\"async\" width=\"1024\" height=\"1024\" src=\"http:\/\/evagessner.de\/wp-content\/uploads\/2023\/09\/9783987783678_instagram-2-1024x1024.jpg\" alt=\"\" class=\"wp-image-385 size-full\" srcset=\"https:\/\/evagessner.de\/wp-content\/uploads\/2023\/09\/9783987783678_instagram-2-1024x1024.jpg 1024w, https:\/\/evagessner.de\/wp-content\/uploads\/2023\/09\/9783987783678_instagram-2-300x300.jpg 300w, https:\/\/evagessner.de\/wp-content\/uploads\/2023\/09\/9783987783678_instagram-2-150x150.jpg 150w, https:\/\/evagessner.de\/wp-content\/uploads\/2023\/09\/9783987783678_instagram-2-768x768.jpg 768w, https:\/\/evagessner.de\/wp-content\/uploads\/2023\/09\/9783987783678_instagram-2-1536x1536.jpg 1536w, https:\/\/evagessner.de\/wp-content\/uploads\/2023\/09\/9783987783678_instagram-2.jpg 1800w\" sizes=\"auto, (max-width: 1024px) 100vw, 1024px\" \/><\/figure><div class=\"wp-block-media-text__content\">\n<p><strong>Jahrelang hat sie sich nicht an den Tod ihrer Schwester erinnert. Jahrelang hat sie keine Fragen gestellt. Doch nun wird sie in ihren Albtr\u00e4umen verfolgt \u2026<\/strong><\/p>\n\n\n\n<div class=\"wp-block-buttons is-layout-flex wp-block-buttons-is-layout-flex\">\n<div class=\"wp-block-button\"><a class=\"wp-block-button__link has-vivid-cyan-blue-background-color has-background wp-element-button\" href=\"https:\/\/www.audible.de\/search?keywords=Eva+Ge\u00dfner&amp;k=Eva+Ge\u00dfner&amp;ref-override=a_ep_hoerbu_t1_header_search&amp;crid=59de487858ac4386a8b43443d0e3e2f6&amp;sprefix=eva+ge\u00dfner%2Ceu-audible-de%2C268&amp;i=eu-audible-de&amp;url=search-alias%3Deu-audible-de&amp;ref=nb_sb_noss\" target=\"_blank\" rel=\"noreferrer noopener\">Audible<\/a><\/div>\n<\/div>\n\n\n\n<figure class=\"wp-block-audio\"><audio controls src=\"http:\/\/evagessner.de\/wp-content\/uploads\/2023\/09\/002.mp3\"><\/audio><\/figure>\n<\/div><\/div>\n<\/div>\n\n\n\n<p>  <\/p>\n\n\n\n<div class=\"wp-block-group\"><div class=\"wp-block-group__inner-container is-layout-constrained wp-block-group-is-layout-constrained\">\n<div class=\"wp-block-media-text alignwide is-stacked-on-mobile\" style=\"grid-template-columns:20% auto\"><figure class=\"wp-block-media-text__media\"><img loading=\"lazy\" decoding=\"async\" width=\"1024\" height=\"1024\" src=\"http:\/\/evagessner.de\/wp-content\/uploads\/2023\/09\/9783987782930_instagram-1024x1024.jpg\" alt=\"\" class=\"wp-image-382 size-full\" srcset=\"https:\/\/evagessner.de\/wp-content\/uploads\/2023\/09\/9783987782930_instagram-1024x1024.jpg 1024w, https:\/\/evagessner.de\/wp-content\/uploads\/2023\/09\/9783987782930_instagram-300x300.jpg 300w, https:\/\/evagessner.de\/wp-content\/uploads\/2023\/09\/9783987782930_instagram-150x150.jpg 150w, https:\/\/evagessner.de\/wp-content\/uploads\/2023\/09\/9783987782930_instagram-768x768.jpg 768w, https:\/\/evagessner.de\/wp-content\/uploads\/2023\/09\/9783987782930_instagram-1536x1536.jpg 1536w, https:\/\/evagessner.de\/wp-content\/uploads\/2023\/09\/9783987782930_instagram.jpg 1800w\" sizes=\"auto, (max-width: 1024px) 100vw, 1024px\" \/><\/figure><div class=\"wp-block-media-text__content\">\n<p><strong>In den Tiefen der Nacht lauert das B\u00f6se \u2026<br>Der nervenaufreibende Kriminalthriller \u00fcber die Schatten der gesellschaftlich akzeptierten Prostitution<\/strong><\/p>\n\n\n\n<figure class=\"wp-block-audio\"><audio controls src=\"http:\/\/evagessner.de\/wp-content\/uploads\/2023\/09\/001_Seelenkalt.mp3\"><\/audio><\/figure>\n<\/div><\/div>\n<\/div><\/div>\n\n\n\n<p>  <\/p>\n\n\n\n<p><\/p>\n","protected":false},"excerpt":{"rendered":"<p>F\u00fcr alle, die lieber h\u00f6ren wollen statt lesen.<br \/>\nNiemand wird dich h\u00f6ren gibt es jetzt auch als H\u00f6rbuch. Und Seelenkalt folgt im Okobter.<\/p>\n","protected":false},"author":2,"featured_media":385,"parent":0,"menu_order":3,"comment_status":"closed","ping_status":"closed","template":"","meta":{"footnotes":""},"class_list":["post-44","page","type-page","status-publish","has-post-thumbnail","hentry"],"_links":{"self":[{"href":"https:\/\/evagessner.de\/home\/wp-json\/wp\/v2\/pages\/44","targetHints":{"allow":["GET"]}}],"collection":[{"href":"https:\/\/evagessner.de\/home\/wp-json\/wp\/v2\/pages"}],"about":[{"href":"https:\/\/evagessner.de\/home\/wp-json\/wp\/v2\/types\/page"}],"author":[{"embeddable":true,"href":"https:\/\/evagessner.de\/home\/wp-json\/wp\/v2\/users\/2"}],"replies":[{"embeddable":true,"href":"https:\/\/evagessner.de\/home\/wp-json\/wp\/v2\/comments?post=44"}],"version-history":[{"count":18,"href":"https:\/\/evagessner.de\/home\/wp-json\/wp\/v2\/pages\/44\/revisions"}],"predecessor-version":[{"id":421,"href":"https:\/\/evagessner.de\/home\/wp-json\/wp\/v2\/pages\/44\/revisions\/421"}],"wp:featuredmedia":[{"embeddable":true,"href":"https:\/\/evagessner.de\/home\/wp-json\/wp\/v2\/media\/385"}],"wp:attachment":[{"href":"https:\/\/evagessner.de\/home\/wp-json\/wp\/v2\/media?parent=44"}],"curies":[{"name":"wp","href":"https:\/\/api.w.org\/{rel}","templated":true}]}}