{"id":4,"date":"2023-01-31T12:22:43","date_gmt":"2023-01-31T12:22:43","guid":{"rendered":"http:\/\/evagessner.de\/willkommen-auf-http-evagessner-de\/"},"modified":"2026-03-04T15:24:28","modified_gmt":"2026-03-04T15:24:28","slug":"willkommen-auf-http-evagessner-de","status":"publish","type":"page","link":"https:\/\/evagessner.de\/home\/","title":{"rendered":"Eva Ge\u00dfner"},"content":{"rendered":"\n<p>Autorin<\/p>\n\n\n\n<p>Auf dieser Seite erfahrt ihr alles \u00fcber mich und meine B\u00fccher. <\/p>\n\n\n\n<p>Ich lese f\u00fcr mein Leben gern und schreibe Krimis und Thriller, die einen sozialkritischen Hintergrund haben. Die Themen dazu hole ich mir aus der Presse. Meistens geht einem Buch ein Zeitungsartikel voraus oder eine Debatte, wie damals 2017 als es um die Novellierung des Prostitutionsgesetzes ging. Bei bestimmten Themen kribbelt es einfach und dann wei\u00df ich: Das wird mein n\u00e4chstes Thema.<\/p>\n\n\n\n<p>Meinen ersten Thriller &#8222;Niemand wird dich h\u00f6ren&#8220; habe ich 2018 ver\u00f6ffentlicht (er wurde mittlerweile unter dem Titel &#8222;Die Wahrheit hinter der T\u00fcr&#8220; neu aufgelegt). Danach hat es ein bisschen gedauert bis &#8222;Seelenkalt&#8220; fertig war. Fast 5 Jahre, um genau zu sein. Es hei\u00dft, das zweite Buch ist das Schwerste. F\u00fcr mich war das auf jeden Fall so, hatte aber auch private Gr\u00fcnde. Band 2 der Reihe um die Kommissarinnen Franziska Frey und Tessa Anders hei\u00dft &#8222;Verlorene Seelen&#8220; und ist seit Anfang 2025 auf dem Markt.<\/p>\n\n\n\n<p>Und nach dem Buch ist vor dem Buch. Es geht immer weiter und weiter.<\/p>\n\n\n\n<p>Folgt mir auf Instagram oder Facebook, um nichts zu verpassen! <\/p>\n\n\n\n<ul class=\"wp-block-social-links is-style-logos-only is-layout-flex wp-block-social-links-is-layout-flex\"><li class=\"wp-social-link wp-social-link-instagram  wp-block-social-link\"><a href=\"https:\/\/www.instagram.com\/eva_gessner_autorin\/\" class=\"wp-block-social-link-anchor\"><svg width=\"24\" height=\"24\" viewBox=\"0 0 24 24\" version=\"1.1\" xmlns=\"http:\/\/www.w3.org\/2000\/svg\" aria-hidden=\"true\" focusable=\"false\"><path d=\"M12,4.622c2.403,0,2.688,0.009,3.637,0.052c0.877,0.04,1.354,0.187,1.671,0.31c0.42,0.163,0.72,0.358,1.035,0.673 c0.315,0.315,0.51,0.615,0.673,1.035c0.123,0.317,0.27,0.794,0.31,1.671c0.043,0.949,0.052,1.234,0.052,3.637 s-0.009,2.688-0.052,3.637c-0.04,0.877-0.187,1.354-0.31,1.671c-0.163,0.42-0.358,0.72-0.673,1.035 c-0.315,0.315-0.615,0.51-1.035,0.673c-0.317,0.123-0.794,0.27-1.671,0.31c-0.949,0.043-1.233,0.052-3.637,0.052 s-2.688-0.009-3.637-0.052c-0.877-0.04-1.354-0.187-1.671-0.31c-0.42-0.163-0.72-0.358-1.035-0.673 c-0.315-0.315-0.51-0.615-0.673-1.035c-0.123-0.317-0.27-0.794-0.31-1.671C4.631,14.688,4.622,14.403,4.622,12 s0.009-2.688,0.052-3.637c0.04-0.877,0.187-1.354,0.31-1.671c0.163-0.42,0.358-0.72,0.673-1.035 c0.315-0.315,0.615-0.51,1.035-0.673c0.317-0.123,0.794-0.27,1.671-0.31C9.312,4.631,9.597,4.622,12,4.622 M12,3 C9.556,3,9.249,3.01,8.289,3.054C7.331,3.098,6.677,3.25,6.105,3.472C5.513,3.702,5.011,4.01,4.511,4.511 c-0.5,0.5-0.808,1.002-1.038,1.594C3.25,6.677,3.098,7.331,3.054,8.289C3.01,9.249,3,9.556,3,12c0,2.444,0.01,2.751,0.054,3.711 c0.044,0.958,0.196,1.612,0.418,2.185c0.23,0.592,0.538,1.094,1.038,1.594c0.5,0.5,1.002,0.808,1.594,1.038 c0.572,0.222,1.227,0.375,2.185,0.418C9.249,20.99,9.556,21,12,21s2.751-0.01,3.711-0.054c0.958-0.044,1.612-0.196,2.185-0.418 c0.592-0.23,1.094-0.538,1.594-1.038c0.5-0.5,0.808-1.002,1.038-1.594c0.222-0.572,0.375-1.227,0.418-2.185 C20.99,14.751,21,14.444,21,12s-0.01-2.751-0.054-3.711c-0.044-0.958-0.196-1.612-0.418-2.185c-0.23-0.592-0.538-1.094-1.038-1.594 c-0.5-0.5-1.002-0.808-1.594-1.038c-0.572-0.222-1.227-0.375-2.185-0.418C14.751,3.01,14.444,3,12,3L12,3z M12,7.378 c-2.552,0-4.622,2.069-4.622,4.622S9.448,16.622,12,16.622s4.622-2.069,4.622-4.622S14.552,7.378,12,7.378z M12,15 c-1.657,0-3-1.343-3-3s1.343-3,3-3s3,1.343,3,3S13.657,15,12,15z M16.804,6.116c-0.596,0-1.08,0.484-1.08,1.08 s0.484,1.08,1.08,1.08c0.596,0,1.08-0.484,1.08-1.08S17.401,6.116,16.804,6.116z\"><\/path><\/svg><span class=\"wp-block-social-link-label screen-reader-text\">Instagram<\/span><\/a><\/li>\n\n<li class=\"wp-social-link wp-social-link-facebook  wp-block-social-link\"><a href=\"https:\/\/www.facebook.com\/profile.php?id=100063658164288\" class=\"wp-block-social-link-anchor\"><svg width=\"24\" height=\"24\" viewBox=\"0 0 24 24\" version=\"1.1\" xmlns=\"http:\/\/www.w3.org\/2000\/svg\" aria-hidden=\"true\" focusable=\"false\"><path d=\"M12 2C6.5 2 2 6.5 2 12c0 5 3.7 9.1 8.4 9.9v-7H7.9V12h2.5V9.8c0-2.5 1.5-3.9 3.8-3.9 1.1 0 2.2.2 2.2.2v2.5h-1.3c-1.2 0-1.6.8-1.6 1.6V12h2.8l-.4 2.9h-2.3v7C18.3 21.1 22 17 22 12c0-5.5-4.5-10-10-10z\"><\/path><\/svg><span class=\"wp-block-social-link-label screen-reader-text\">Facebook<\/span><\/a><\/li><\/ul>\n","protected":false},"excerpt":{"rendered":"<p>Autorin Auf dieser Seite erfahrt ihr alles \u00fcber mich und meine B\u00fccher. Ich lese f\u00fcr mein Leben gern und schreibe Krimis und Thriller, die einen sozialkritischen Hintergrund haben. Die Themen [&hellip;]<\/p>\n","protected":false},"author":2,"featured_media":0,"parent":0,"menu_order":0,"comment_status":"closed","ping_status":"open","template":"","meta":{"footnotes":""},"class_list":["post-4","page","type-page","status-publish","hentry"],"_links":{"self":[{"href":"https:\/\/evagessner.de\/home\/wp-json\/wp\/v2\/pages\/4","targetHints":{"allow":["GET"]}}],"collection":[{"href":"https:\/\/evagessner.de\/home\/wp-json\/wp\/v2\/pages"}],"about":[{"href":"https:\/\/evagessner.de\/home\/wp-json\/wp\/v2\/types\/page"}],"author":[{"embeddable":true,"href":"https:\/\/evagessner.de\/home\/wp-json\/wp\/v2\/users\/2"}],"replies":[{"embeddable":true,"href":"https:\/\/evagessner.de\/home\/wp-json\/wp\/v2\/comments?post=4"}],"version-history":[{"count":19,"href":"https:\/\/evagessner.de\/home\/wp-json\/wp\/v2\/pages\/4\/revisions"}],"predecessor-version":[{"id":704,"href":"https:\/\/evagessner.de\/home\/wp-json\/wp\/v2\/pages\/4\/revisions\/704"}],"wp:attachment":[{"href":"https:\/\/evagessner.de\/home\/wp-json\/wp\/v2\/media?parent=4"}],"curies":[{"name":"wp","href":"https:\/\/api.w.org\/{rel}","templated":true}]}}