{"id":258,"date":"2020-12-18T01:01:50","date_gmt":"2020-12-18T01:01:50","guid":{"rendered":"https:\/\/themegrilldemos.com\/radiate\/?page_id=2"},"modified":"2026-03-09T10:28:32","modified_gmt":"2026-03-09T10:28:32","slug":"impressum","status":"publish","type":"page","link":"https:\/\/evagessner.de\/home\/impressum\/","title":{"rendered":"Impressum"},"content":{"rendered":"\n<p>Verantwortlich f\u00fcr den Inhalt der Webseite ist<\/p>\n\n\n\n<p>Eva Ge\u00dfner<br>Florastrasse 103a, 50733 K\u00f6ln<br>Tel: +49 179 6830740<br>Mail: autorin.gessner@icloud.com<\/p>\n\n\n\n<p><\/p>\n","protected":false},"excerpt":{"rendered":"<p>Verantwortlich f\u00fcr den Inhalt der Webseite ist Eva Ge\u00dfnerFlorastrasse 103a, 50733 K\u00f6lnTel: +49 179 6830740Mail: autorin.gessner@icloud.com<\/p>\n","protected":false},"author":2,"featured_media":0,"parent":0,"menu_order":0,"comment_status":"closed","ping_status":"open","template":"","meta":{"footnotes":""},"class_list":["post-258","page","type-page","status-publish","hentry"],"_links":{"self":[{"href":"https:\/\/evagessner.de\/home\/wp-json\/wp\/v2\/pages\/258","targetHints":{"allow":["GET"]}}],"collection":[{"href":"https:\/\/evagessner.de\/home\/wp-json\/wp\/v2\/pages"}],"about":[{"href":"https:\/\/evagessner.de\/home\/wp-json\/wp\/v2\/types\/page"}],"author":[{"embeddable":true,"href":"https:\/\/evagessner.de\/home\/wp-json\/wp\/v2\/users\/2"}],"replies":[{"embeddable":true,"href":"https:\/\/evagessner.de\/home\/wp-json\/wp\/v2\/comments?post=258"}],"version-history":[{"count":5,"href":"https:\/\/evagessner.de\/home\/wp-json\/wp\/v2\/pages\/258\/revisions"}],"predecessor-version":[{"id":706,"href":"https:\/\/evagessner.de\/home\/wp-json\/wp\/v2\/pages\/258\/revisions\/706"}],"wp:attachment":[{"href":"https:\/\/evagessner.de\/home\/wp-json\/wp\/v2\/media?parent=258"}],"curies":[{"name":"wp","href":"https:\/\/api.w.org\/{rel}","templated":true}]}}